{"id":332,"date":"2024-07-17T23:36:02","date_gmt":"2024-07-17T23:36:02","guid":{"rendered":"https:\/\/1secondup.com\/?post_type=product&#038;p=332"},"modified":"2025-03-09T22:29:11","modified_gmt":"2025-03-09T22:29:11","slug":"armoured-hoodie","status":"publish","type":"product","link":"https:\/\/1secondup.com\/pt\/produto\/armoured-hoodie\/","title":{"rendered":"Hoodie com Prote\u00e7\u00f5es"},"content":{"rendered":"<p>Ol\u00e1, parceiro(a) motard! Se est\u00e1 \u00e0 procura de uma camisola que combine uma prote\u00e7\u00e3o de topo com um estilo de arrasar, considera o nosso hoodie. Fabricado em Portugal, esta camisola tem como objetivo manter a seguran\u00e7a e o conforto na estrada.<\/p>\n<div class=\"flex flex-grow flex-col max-w-full\">\n<div class=\"min-h-[20px] text-message flex w-full flex-col items-end gap-2 whitespace-pre-wrap break-words [.text-message+&amp;]:mt-5 overflow-x-auto\" dir=\"auto\" data-message-author-role=\"assistant\" data-message-id=\"5721fcaa-f3e9-415a-8798-4730024ae828\">\n<div class=\"flex w-full flex-col gap-1 empty:hidden first:pt-[3px]\">\n<div class=\"markdown prose w-full break-words dark:prose-invert light\">\n<p>It&#8217;s got pockets to accommodate the certified Level II protection for your back, shoulders, and elbows, so you know you&#8217;re covered where it counts. Plus, the protective pads are super easy to remove and install thanks to the inside pockets.<\/p>\n<p>Preocupado com a visibilidade \u00e0 noite? N\u00e3o h\u00e1 problema! Adicion\u00e1mos elementos reflectores nas mangas e nas costas para que sejas bem vis\u00edvel. E o tecido? \u00c9 100% algod\u00e3o com um peso s\u00f3lido de 350 g, o que significa que \u00e9 confort\u00e1vel e duradouro.<\/p>\n<p>Protegemos-te as costas, literalmente!  Com a prote\u00e7\u00e3o total das costas. O capuz tamb\u00e9m se prende com um sistema de fixa\u00e7\u00e3o seguro, perfeito para os passeios a alta velocidade. A pr\u00f3pria camisola tamb\u00e9m n\u00e3o sobe mais com o vento gra\u00e7as \u00e0s presilhas que a prendem \u00e0s cal\u00e7as.<\/p>\n<p>Mant\u00e9m os teus objectos essenciais seguros nos bolsos com fecho resistentes, garantindo que n\u00e3o ir\u00e3o cair, e desfruta do elegante log\u00f3tipo bordado \u00e0 frente. Al\u00e9m disso, queremos fazer a nossa parte pelo planeta, por isso este hoodie  vem numa embalagem sustent\u00e1vel.<\/p>\n<p>Quer estejas a deslocar-te para o trabalho ou a fazer-te \u00e0s curvas, temos tudo o que precisas. Com esta camisola ir\u00e1s conduzir com estilo e seguran\u00e7a!<\/p>\n<\/div>\n<p><span class=\"OYPEnA font-feature-liga-off font-feature-clig-off font-feature-calt-off text-decoration-none text-strikethrough-none\">The 1SecondUP Hoodie is designed for style and comfort but has not been tested or certified to meet any safety or legal requirements for protective gear. This product does not comply with any regulatory standards for protective clothing or equipment, including but not limited to motorcycling or other high-risk activities. By purchasing this product, you acknowledge and agree that 1SecondUP shall not be held liable for any injury, damage or loss, resulting from the use of the hoodie, with or without protective gear, when the garment is used. For certified protective apparel, please refer to our products specifically marked as compliant with relevant safety standards.<\/span><\/p>\n<\/div>\n<\/div>\n<\/div>","protected":false},"excerpt":{"rendered":"<h4>Caracter\u00edsticas<\/h4>\n<ul>\n<li><strong>Level II Certified Protection Included:<\/strong> Our hoodie comes with interior pockets for the included Level II protections for the back, shoulders, and elbows, ensuring extra safety in critical areas.<\/li>\n<li><strong>Elementos Reflectores:<\/strong> Mant\u00e9m-te vis\u00edvel nas voltas noturnas com elementos reflectores estrategicamente colocados nas mangas e nas costas<\/li>\n<li><strong>Confort\u00e1vel e Resistente:<\/strong> Feito 100% em algod\u00e3o com 350g de espessura, esta camisola garante um conforto \u00fanico<\/li>\n<li><strong>Bolsos de prote\u00e7\u00f5es:<\/strong> Remove e insere facilmente as prote\u00e7\u00f5es nos bolsos internos<\/li>\n<li><strong>Prote\u00e7\u00e3o total das costas:<\/strong> Desfruta de total tranquilidade com a prote\u00e7\u00e3o total das costas integrada no design<\/li>\n<li><strong>Bolsos com fecho:<\/strong> Guarde os teus objectos essenciais em seguran\u00e7a no bolso frontal com fecho de correr resistente<\/li>\n<li><strong>Fixa\u00e7\u00e3o do Hoodie:<\/strong> Fixe o seu capuz no lugar com um sistema de fixa\u00e7\u00e3o fi\u00e1vel, ideal para passeios a alta velocidade<\/li>\n<li><strong>Fixa\u00e7\u00e3o \u00e0s cal\u00e7as:<\/strong> Evita que a camisola suba com a desloca\u00e7\u00e3o do ar com os pr\u00e1ticos la\u00e7os que se prendem \u00e0s tuas cal\u00e7as<\/li>\n<li><strong>Logo Bordado:<\/strong> O log\u00f3tipo bordado \u00e0 frente, acrescentando um toque de classe ao teu equipamento<\/li>\n<\/ul>","protected":false},"featured_media":648,"comment_status":"open","ping_status":"closed","template":"","meta":[],"product_brand":[],"product_cat":[20],"product_tag":[22,21,23],"class_list":{"0":"post-332","1":"product","2":"type-product","3":"status-publish","4":"has-post-thumbnail","6":"product_cat-armoured-hoodie","7":"product_tag-armoured","8":"product_tag-hoodie","9":"product_tag-protection","11":"first","12":"instock","13":"taxable","14":"shipping-taxable","15":"purchasable","16":"product-type-variable","17":"has-default-attributes"},"_links":{"self":[{"href":"https:\/\/1secondup.com\/pt\/wp-json\/wp\/v2\/product\/332","targetHints":{"allow":["GET"]}}],"collection":[{"href":"https:\/\/1secondup.com\/pt\/wp-json\/wp\/v2\/product"}],"about":[{"href":"https:\/\/1secondup.com\/pt\/wp-json\/wp\/v2\/types\/product"}],"replies":[{"embeddable":true,"href":"https:\/\/1secondup.com\/pt\/wp-json\/wp\/v2\/comments?post=332"}],"wp:featuredmedia":[{"embeddable":true,"href":"https:\/\/1secondup.com\/pt\/wp-json\/wp\/v2\/media\/648"}],"wp:attachment":[{"href":"https:\/\/1secondup.com\/pt\/wp-json\/wp\/v2\/media?parent=332"}],"wp:term":[{"taxonomy":"product_brand","embeddable":true,"href":"https:\/\/1secondup.com\/pt\/wp-json\/wp\/v2\/product_brand?post=332"},{"taxonomy":"product_cat","embeddable":true,"href":"https:\/\/1secondup.com\/pt\/wp-json\/wp\/v2\/product_cat?post=332"},{"taxonomy":"product_tag","embeddable":true,"href":"https:\/\/1secondup.com\/pt\/wp-json\/wp\/v2\/product_tag?post=332"}],"curies":[{"name":"wp","href":"https:\/\/api.w.org\/{rel}","templated":true}]}}