{"id":117,"date":"2024-07-07T13:26:19","date_gmt":"2024-07-07T13:26:19","guid":{"rendered":"https:\/\/1secondup.com\/?page_id=117"},"modified":"2025-03-04T18:31:24","modified_gmt":"2025-03-04T18:31:24","slug":"home","status":"publish","type":"page","link":"https:\/\/1secondup.com\/pt\/","title":{"rendered":"Home"},"content":{"rendered":"<div data-elementor-type=\"wp-page\" data-elementor-id=\"117\" class=\"elementor elementor-117\">\n\t\t\t\t<div class=\"elementor-element elementor-element-37a9589 e-con-full elementor-hidden-mobile e-flex e-con e-parent\" data-id=\"37a9589\" data-element_type=\"container\" data-settings=\"{&quot;background_background&quot;:&quot;classic&quot;}\">\n\t\t<div class=\"elementor-element elementor-element-013f43a e-con-full e-flex e-con e-child\" data-id=\"013f43a\" data-element_type=\"container\">\n\t\t\t\t<div class=\"elementor-element elementor-element-52e4955 elementor-widget elementor-widget-spacer\" data-id=\"52e4955\" data-element_type=\"widget\" data-widget_type=\"spacer.default\">\n\t\t\t\t<div class=\"elementor-widget-container\">\n\t\t\t\t\t\t\t<div class=\"elementor-spacer\">\n\t\t\t<div class=\"elementor-spacer-inner\"><\/div>\n\t\t<\/div>\n\t\t\t\t\t\t<\/div>\n\t\t\t\t<\/div>\n\t\t\t\t<div class=\"elementor-element elementor-element-b442093 elementor-widget elementor-widget-text-editor\" data-id=\"b442093\" data-element_type=\"widget\" data-widget_type=\"text-editor.default\">\n\t\t\t\t<div class=\"elementor-widget-container\">\n\t\t\t\t\t\t\t\t\t<p>Brevemente ...\u00a0<\/p>\t\t\t\t\t\t\t\t<\/div>\n\t\t\t\t<\/div>\n\t\t\t\t<div class=\"elementor-element elementor-element-9915c90 elementor-widget elementor-widget-text-editor\" data-id=\"9915c90\" data-element_type=\"widget\" data-widget_type=\"text-editor.default\">\n\t\t\t\t<div class=\"elementor-widget-container\">\n\t\t\t\t\t\t\t\t\t<p>Onde paix\u00e3o e desempenho se cruzam<\/p><p>Inspirados em corridas e  desporto, os nossos designs reflectem o nosso compromisso com a qualidade e funcionalidade, garantindo que te mant\u00e9ns confort\u00e1vel e com estilo em todas as tuas aventuras<\/p><p>Junta-te a n\u00f3s nesta viagem e experimente as melhores op\u00e7\u00f5es para quem procura emo\u00e7\u00f5es conscientes no dia dia<\/p>\t\t\t\t\t\t\t\t<\/div>\n\t\t\t\t<\/div>\n\t\t<div class=\"elementor-element elementor-element-5c99392 e-con-full e-flex e-con e-child\" data-id=\"5c99392\" data-element_type=\"container\">\n\t\t\t\t<div class=\"elementor-element elementor-element-efd9b3a elementor-widget elementor-widget-button\" data-id=\"efd9b3a\" data-element_type=\"widget\" data-widget_type=\"button.default\">\n\t\t\t\t<div class=\"elementor-widget-container\">\n\t\t\t\t\t\t\t\t\t<div class=\"elementor-button-wrapper\">\n\t\t\t\t\t<a class=\"elementor-button elementor-button-link elementor-size-sm elementor-animation-skew-forward\" href=\"https:\/\/1secondup.com\/pt\/our-journey\/\">\n\t\t\t\t\t\t<span class=\"elementor-button-content-wrapper\">\n\t\t\t\t\t\t\t\t\t<span class=\"elementor-button-text\">O nosso percurso<\/span>\n\t\t\t\t\t<\/span>\n\t\t\t\t\t<\/a>\n\t\t\t\t<\/div>\n\t\t\t\t\t\t\t\t<\/div>\n\t\t\t\t<\/div>\n\t\t\t\t<div class=\"elementor-element elementor-element-2611bbc elementor-widget elementor-widget-button\" data-id=\"2611bbc\" data-element_type=\"widget\" data-widget_type=\"button.default\">\n\t\t\t\t<div class=\"elementor-widget-container\">\n\t\t\t\t\t\t\t\t\t<div class=\"elementor-button-wrapper\">\n\t\t\t\t\t<a class=\"elementor-button elementor-button-link elementor-size-sm elementor-animation-skew-forward\" href=\"https:\/\/1secondup.com\/pt\/shop\/?v=35357b9c8fe4\">\n\t\t\t\t\t\t<span class=\"elementor-button-content-wrapper\">\n\t\t\t\t\t\t\t\t\t<span class=\"elementor-button-text\">Comprar<\/span>\n\t\t\t\t\t<\/span>\n\t\t\t\t\t<\/a>\n\t\t\t\t<\/div>\n\t\t\t\t\t\t\t\t<\/div>\n\t\t\t\t<\/div>\n\t\t\t\t<\/div>\n\t\t\t\t<\/div>\n\t\t\t\t<\/div>\n\t\t<div class=\"elementor-element elementor-element-ed8f1cb e-con-full elementor-hidden-tablet elementor-hidden-desktop e-flex e-con e-parent\" data-id=\"ed8f1cb\" data-element_type=\"container\" data-settings=\"{&quot;background_background&quot;:&quot;classic&quot;}\">\n\t\t<div class=\"elementor-element elementor-element-8762432 e-con-full e-flex e-con e-child\" data-id=\"8762432\" data-element_type=\"container\">\n\t\t\t\t<div class=\"elementor-element elementor-element-1967dc5 elementor-widget elementor-widget-spacer\" data-id=\"1967dc5\" data-element_type=\"widget\" data-widget_type=\"spacer.default\">\n\t\t\t\t<div class=\"elementor-widget-container\">\n\t\t\t\t\t\t\t<div class=\"elementor-spacer\">\n\t\t\t<div class=\"elementor-spacer-inner\"><\/div>\n\t\t<\/div>\n\t\t\t\t\t\t<\/div>\n\t\t\t\t<\/div>\n\t\t\t\t<div class=\"elementor-element elementor-element-642c79c elementor-widget elementor-widget-spacer\" data-id=\"642c79c\" data-element_type=\"widget\" data-widget_type=\"spacer.default\">\n\t\t\t\t<div class=\"elementor-widget-container\">\n\t\t\t\t\t\t\t<div class=\"elementor-spacer\">\n\t\t\t<div class=\"elementor-spacer-inner\"><\/div>\n\t\t<\/div>\n\t\t\t\t\t\t<\/div>\n\t\t\t\t<\/div>\n\t\t\t\t<div class=\"elementor-element elementor-element-4a201ad elementor-widget elementor-widget-text-editor\" data-id=\"4a201ad\" data-element_type=\"widget\" data-widget_type=\"text-editor.default\">\n\t\t\t\t<div class=\"elementor-widget-container\">\n\t\t\t\t\t\t\t\t\t<p>Brevemente ...<\/p>\t\t\t\t\t\t\t\t<\/div>\n\t\t\t\t<\/div>\n\t\t<div class=\"elementor-element elementor-element-b226714 e-con-full e-flex e-con e-child\" data-id=\"b226714\" data-element_type=\"container\">\n\t\t\t\t<div class=\"elementor-element elementor-element-8b1182a elementor-widget elementor-widget-button\" data-id=\"8b1182a\" data-element_type=\"widget\" data-widget_type=\"button.default\">\n\t\t\t\t<div class=\"elementor-widget-container\">\n\t\t\t\t\t\t\t\t\t<div class=\"elementor-button-wrapper\">\n\t\t\t\t\t<a class=\"elementor-button elementor-button-link elementor-size-sm elementor-animation-skew-forward\" href=\"https:\/\/1secondup.com\/pt\/our-journey\/\">\n\t\t\t\t\t\t<span class=\"elementor-button-content-wrapper\">\n\t\t\t\t\t\t\t\t\t<span class=\"elementor-button-text\">O nosso percurso<\/span>\n\t\t\t\t\t<\/span>\n\t\t\t\t\t<\/a>\n\t\t\t\t<\/div>\n\t\t\t\t\t\t\t\t<\/div>\n\t\t\t\t<\/div>\n\t\t\t\t<div class=\"elementor-element elementor-element-3b50c75 elementor-widget elementor-widget-button\" data-id=\"3b50c75\" data-element_type=\"widget\" data-widget_type=\"button.default\">\n\t\t\t\t<div class=\"elementor-widget-container\">\n\t\t\t\t\t\t\t\t\t<div class=\"elementor-button-wrapper\">\n\t\t\t\t\t<a class=\"elementor-button elementor-button-link elementor-size-sm elementor-animation-skew-forward\" href=\"https:\/\/1secondup.com\/pt\/shop\/?v=35357b9c8fe4\">\n\t\t\t\t\t\t<span class=\"elementor-button-content-wrapper\">\n\t\t\t\t\t\t\t\t\t<span class=\"elementor-button-text\">Comprar<\/span>\n\t\t\t\t\t<\/span>\n\t\t\t\t\t<\/a>\n\t\t\t\t<\/div>\n\t\t\t\t\t\t\t\t<\/div>\n\t\t\t\t<\/div>\n\t\t\t\t<\/div>\n\t\t\t\t<div class=\"elementor-element elementor-element-5bf5717 elementor-widget elementor-widget-text-editor\" data-id=\"5bf5717\" data-element_type=\"widget\" data-widget_type=\"text-editor.default\">\n\t\t\t\t<div class=\"elementor-widget-container\">\n\t\t\t\t\t\t\t\t\t<p>Onde paix\u00e3o e desempenho se cruzam<\/p><p>Inspirados em corridas e desporto, os nossos designs reflectem o nosso compromisso com a qualidade e funcionalidade<\/p><p>\u00a0 Mant\u00e9m-te seguro em cada aventura<\/p>\t\t\t\t\t\t\t\t<\/div>\n\t\t\t\t<\/div>\n\t\t\t\t<\/div>\n\t\t\t\t<\/div>\n\t\t<div class=\"elementor-element elementor-element-05c25b0 elementor-hidden-mobile e-flex e-con-boxed e-con e-parent\" data-id=\"05c25b0\" data-element_type=\"container\" data-settings=\"{&quot;background_background&quot;:&quot;classic&quot;}\">\n\t\t\t\t\t<div class=\"e-con-inner\">\n\t\t\t\t\t<\/div>\n\t\t\t\t<\/div>\n\t\t<div class=\"elementor-element elementor-element-934874f e-flex e-con-boxed e-con e-parent\" data-id=\"934874f\" data-element_type=\"container\" data-settings=\"{&quot;background_background&quot;:&quot;classic&quot;}\">\n\t\t\t\t\t<div class=\"e-con-inner\">\n\t\t\t\t<div class=\"elementor-element elementor-element-5093e88 elementor-widget elementor-widget-spacer\" data-id=\"5093e88\" data-element_type=\"widget\" data-widget_type=\"spacer.default\">\n\t\t\t\t<div class=\"elementor-widget-container\">\n\t\t\t\t\t\t\t<div class=\"elementor-spacer\">\n\t\t\t<div class=\"elementor-spacer-inner\"><\/div>\n\t\t<\/div>\n\t\t\t\t\t\t<\/div>\n\t\t\t\t<\/div>\n\t\t\t\t<div class=\"elementor-element elementor-element-dfe40c9 elementor-widget elementor-widget-heading\" data-id=\"dfe40c9\" data-element_type=\"widget\" data-widget_type=\"heading.default\">\n\t\t\t\t<div class=\"elementor-widget-container\">\n\t\t\t\t\t<h2 class=\"elementor-heading-title elementor-size-default\">Dare to Chase<\/h2>\t\t\t\t<\/div>\n\t\t\t\t<\/div>\n\t\t\t\t<div class=\"elementor-element elementor-element-7793a18 elementor-widget-divider--view-line elementor-widget elementor-widget-divider\" data-id=\"7793a18\" data-element_type=\"widget\" data-widget_type=\"divider.default\">\n\t\t\t\t<div class=\"elementor-widget-container\">\n\t\t\t\t\t\t\t<div class=\"elementor-divider\">\n\t\t\t<span class=\"elementor-divider-separator\">\n\t\t\t\t\t\t<\/span>\n\t\t<\/div>\n\t\t\t\t\t\t<\/div>\n\t\t\t\t<\/div>\n\t\t\t\t\t<\/div>\n\t\t\t\t<\/div>\n\t\t<div class=\"elementor-element elementor-element-98f8c0f elementor-hidden-mobile e-flex e-con-boxed e-con e-parent\" data-id=\"98f8c0f\" data-element_type=\"container\" data-settings=\"{&quot;background_background&quot;:&quot;gradient&quot;}\">\n\t\t\t\t\t<div class=\"e-con-inner\">\n\t\t\t\t<div class=\"elementor-element elementor-element-56e7b7a elementor-widget elementor-widget-spacer\" data-id=\"56e7b7a\" data-element_type=\"widget\" data-widget_type=\"spacer.default\">\n\t\t\t\t<div class=\"elementor-widget-container\">\n\t\t\t\t\t\t\t<div class=\"elementor-spacer\">\n\t\t\t<div class=\"elementor-spacer-inner\"><\/div>\n\t\t<\/div>\n\t\t\t\t\t\t<\/div>\n\t\t\t\t<\/div>\n\t\t\t\t\t<\/div>\n\t\t\t\t<\/div>\n\t\t\t\t<\/div>","protected":false},"excerpt":{"rendered":"<p>Coming soon &#8230;\u00a0 Here passion meets performance Inspired in racing and sports, our designs reflect our commitment to quality, style, and functionality, ensuring you stay comfortable and stylish in every adventure Join us on this exciting journey and experience with the best options for conscious thrill-seekers and daily use alike Our Journey Shop Coming soon [&hellip;]<\/p>","protected":false},"author":1,"featured_media":0,"parent":0,"menu_order":0,"comment_status":"closed","ping_status":"closed","template":"elementor_header_footer","meta":{"footnotes":""},"class_list":["post-117","page","type-page","status-publish","hentry"],"blocksy_meta":[],"_links":{"self":[{"href":"https:\/\/1secondup.com\/pt\/wp-json\/wp\/v2\/pages\/117","targetHints":{"allow":["GET"]}}],"collection":[{"href":"https:\/\/1secondup.com\/pt\/wp-json\/wp\/v2\/pages"}],"about":[{"href":"https:\/\/1secondup.com\/pt\/wp-json\/wp\/v2\/types\/page"}],"author":[{"embeddable":true,"href":"https:\/\/1secondup.com\/pt\/wp-json\/wp\/v2\/users\/1"}],"replies":[{"embeddable":true,"href":"https:\/\/1secondup.com\/pt\/wp-json\/wp\/v2\/comments?post=117"}],"version-history":[{"count":180,"href":"https:\/\/1secondup.com\/pt\/wp-json\/wp\/v2\/pages\/117\/revisions"}],"predecessor-version":[{"id":668,"href":"https:\/\/1secondup.com\/pt\/wp-json\/wp\/v2\/pages\/117\/revisions\/668"}],"wp:attachment":[{"href":"https:\/\/1secondup.com\/pt\/wp-json\/wp\/v2\/media?parent=117"}],"curies":[{"name":"wp","href":"https:\/\/api.w.org\/{rel}","templated":true}]}}